{"id":18,"date":"2019-03-11T18:13:23","date_gmt":"2019-03-11T18:13:23","guid":{"rendered":"http:\/\/landgasthof-dittmannsdorf.de\/?page_id=18"},"modified":"2025-02-09T18:35:29","modified_gmt":"2025-02-09T18:35:29","slug":"saal-saalstube","status":"publish","type":"page","link":"https:\/\/landgasthof-dittmannsdorf.de\/?page_id=18","title":{"rendered":"Saal &#038; Saalstube"},"content":{"rendered":"\t\t<div data-elementor-type=\"wp-page\" data-elementor-id=\"18\" class=\"elementor elementor-18\">\n\t\t\t\t\t\t<section class=\"elementor-section elementor-top-section elementor-element elementor-element-44e6effe elementor-section-boxed elementor-section-height-default elementor-section-height-default\" data-id=\"44e6effe\" data-element_type=\"section\">\n\t\t\t\t\t\t<div class=\"elementor-container elementor-column-gap-default\">\n\t\t\t\t\t<div class=\"elementor-column elementor-col-100 elementor-top-column elementor-element elementor-element-3cc48063\" data-id=\"3cc48063\" data-element_type=\"column\">\n\t\t\t<div class=\"elementor-widget-wrap elementor-element-populated\">\n\t\t\t\t\t\t<div class=\"elementor-element elementor-element-43c58fd elementor-widget elementor-widget-image\" data-id=\"43c58fd\" data-element_type=\"widget\" data-widget_type=\"image.default\">\n\t\t\t\t<div class=\"elementor-widget-container\">\n\t\t\t\t\t\t\t\t\t\t\t\t\t\t\t<img fetchpriority=\"high\" decoding=\"async\" data-attachment-id=\"714\" data-permalink=\"https:\/\/landgasthof-dittmannsdorf.de\/?attachment_id=714\" data-orig-file=\"https:\/\/i0.wp.com\/landgasthof-dittmannsdorf.de\/wp-content\/uploads\/thumbnail-12.jpg?fit=1080%2C810&amp;ssl=1\" data-orig-size=\"1080,810\" data-comments-opened=\"1\" data-image-meta=\"{&quot;aperture&quot;:&quot;0&quot;,&quot;credit&quot;:&quot;&quot;,&quot;camera&quot;:&quot;&quot;,&quot;caption&quot;:&quot;&quot;,&quot;created_timestamp&quot;:&quot;0&quot;,&quot;copyright&quot;:&quot;&quot;,&quot;focal_length&quot;:&quot;0&quot;,&quot;iso&quot;:&quot;0&quot;,&quot;shutter_speed&quot;:&quot;0&quot;,&quot;title&quot;:&quot;&quot;,&quot;orientation&quot;:&quot;0&quot;}\" data-image-title=\"thumbnail\" data-image-description=\"\" data-image-caption=\"&lt;p&gt;Saal mit B\u00fchne&lt;\/p&gt;\n\" data-large-file=\"https:\/\/i0.wp.com\/landgasthof-dittmannsdorf.de\/wp-content\/uploads\/thumbnail-12.jpg?fit=925%2C694&amp;ssl=1\" width=\"1024\" height=\"768\" src=\"https:\/\/i0.wp.com\/landgasthof-dittmannsdorf.de\/wp-content\/uploads\/thumbnail-12.jpg?fit=1024%2C768&amp;ssl=1\" class=\"attachment-large size-large wp-image-714\" alt=\"\" srcset=\"https:\/\/i0.wp.com\/landgasthof-dittmannsdorf.de\/wp-content\/uploads\/thumbnail-12.jpg?w=1080&amp;ssl=1 1080w, https:\/\/i0.wp.com\/landgasthof-dittmannsdorf.de\/wp-content\/uploads\/thumbnail-12.jpg?resize=300%2C225&amp;ssl=1 300w, https:\/\/i0.wp.com\/landgasthof-dittmannsdorf.de\/wp-content\/uploads\/thumbnail-12.jpg?resize=1024%2C768&amp;ssl=1 1024w, https:\/\/i0.wp.com\/landgasthof-dittmannsdorf.de\/wp-content\/uploads\/thumbnail-12.jpg?resize=768%2C576&amp;ssl=1 768w, https:\/\/i0.wp.com\/landgasthof-dittmannsdorf.de\/wp-content\/uploads\/thumbnail-12.jpg?resize=80%2C60&amp;ssl=1 80w\" sizes=\"(max-width: 1024px) 100vw, 1024px\" data-attachment-id=\"714\" data-permalink=\"https:\/\/landgasthof-dittmannsdorf.de\/?attachment_id=714\" data-orig-file=\"https:\/\/i0.wp.com\/landgasthof-dittmannsdorf.de\/wp-content\/uploads\/thumbnail-12.jpg?fit=1080%2C810&amp;ssl=1\" data-orig-size=\"1080,810\" data-comments-opened=\"1\" data-image-meta=\"{&quot;aperture&quot;:&quot;0&quot;,&quot;credit&quot;:&quot;&quot;,&quot;camera&quot;:&quot;&quot;,&quot;caption&quot;:&quot;&quot;,&quot;created_timestamp&quot;:&quot;0&quot;,&quot;copyright&quot;:&quot;&quot;,&quot;focal_length&quot;:&quot;0&quot;,&quot;iso&quot;:&quot;0&quot;,&quot;shutter_speed&quot;:&quot;0&quot;,&quot;title&quot;:&quot;&quot;,&quot;orientation&quot;:&quot;0&quot;}\" data-image-title=\"thumbnail\" data-image-description=\"\" data-image-caption=\"&lt;p&gt;Saal mit B\u00fchne&lt;\/p&gt;\n\" data-large-file=\"https:\/\/i0.wp.com\/landgasthof-dittmannsdorf.de\/wp-content\/uploads\/thumbnail-12.jpg?fit=1024%2C768&amp;ssl=1\" \/>\t\t\t\t\t\t\t\t\t\t\t\t\t\t\t<\/div>\n\t\t\t\t<\/div>\n\t\t\t\t<div class=\"elementor-element elementor-element-5f2e37fb elementor-widget elementor-widget-text-editor\" data-id=\"5f2e37fb\" data-element_type=\"widget\" data-widget_type=\"text-editor.default\">\n\t\t\t\t<div class=\"elementor-widget-container\">\n\t\t\t\t\t\t\t\t\t<p><\/p>\n<div class=\"wp-block-image\">\n<figure class=\"aligncenter size-full\"><img decoding=\"async\" width=\"1024\" height=\"768\" data-attachment-id=\"646\" data-permalink=\"https:\/\/landgasthof-dittmannsdorf.de\/?attachment_id=646\" data-orig-file=\"https:\/\/i0.wp.com\/landgasthof-dittmannsdorf.de\/wp-content\/uploads\/thumbnail-14-1.jpg?fit=1024%2C768&amp;ssl=1\" data-orig-size=\"1024,768\" data-comments-opened=\"1\" data-image-meta=\"{&quot;aperture&quot;:&quot;0&quot;,&quot;credit&quot;:&quot;&quot;,&quot;camera&quot;:&quot;&quot;,&quot;caption&quot;:&quot;&quot;,&quot;created_timestamp&quot;:&quot;0&quot;,&quot;copyright&quot;:&quot;&quot;,&quot;focal_length&quot;:&quot;0&quot;,&quot;iso&quot;:&quot;0&quot;,&quot;shutter_speed&quot;:&quot;0&quot;,&quot;title&quot;:&quot;&quot;,&quot;orientation&quot;:&quot;0&quot;}\" data-image-title=\"thumbnail-14-1\" data-image-description=\"\" data-image-caption=\"\" data-large-file=\"https:\/\/i0.wp.com\/landgasthof-dittmannsdorf.de\/wp-content\/uploads\/thumbnail-14-1.jpg?fit=925%2C694&amp;ssl=1\" data-recalc-dims=\"1\" class=\"wp-image-646\" src=\"https:\/\/i0.wp.com\/landgasthof-dittmannsdorf.de\/wp-content\/uploads\/thumbnail-14-1.jpg?w=925&#038;ssl=1\" alt=\"\" srcset=\"https:\/\/i0.wp.com\/landgasthof-dittmannsdorf.de\/wp-content\/uploads\/thumbnail-14-1.jpg?w=1024&amp;ssl=1 1024w, https:\/\/i0.wp.com\/landgasthof-dittmannsdorf.de\/wp-content\/uploads\/thumbnail-14-1.jpg?resize=300%2C225&amp;ssl=1 300w, https:\/\/i0.wp.com\/landgasthof-dittmannsdorf.de\/wp-content\/uploads\/thumbnail-14-1.jpg?resize=768%2C576&amp;ssl=1 768w, https:\/\/i0.wp.com\/landgasthof-dittmannsdorf.de\/wp-content\/uploads\/thumbnail-14-1.jpg?resize=80%2C60&amp;ssl=1 80w\" sizes=\"(max-width: 925px) 100vw, 925px\" \/><\/figure>\n<\/div>\n<p><\/p>\n<p><\/p>\n<p class=\"has-text-align-center\">Steht demn\u00e4chst eine gr\u00f6\u00dfere Feier bei Ihnen an?<\/p>\n<p><\/p>\n<p><\/p>\n<p class=\"has-text-align-center\">Ob Hochzeit, Geburtstagsjubil\u00e4um, Klassentreffen oder Firmenfeier &#8211; Platz haben wir genug daf\u00fcr!<\/p>\n<p><\/p>\n<p><\/p>\n<p class=\"has-text-align-center\">Sie k\u00f6nnen zwischen unserem gem\u00fctlichen Saalst\u00fcbchen, das 40 Personen Platz bietet und unserem gro\u00dfen Saal mit bis zu 120 Pl\u00e4tzen w\u00e4hlen.<\/p>\n<p class=\"has-text-align-center\">Der Saal verf\u00fcgt \u00fcber eine sch\u00f6ne B\u00fchne mit integrierter Videoleinwand. Auch ein Beamer steht Leihweise zur Verf\u00fcgung.<\/p>\n<p><\/p>\n<p><\/p>\n<div class=\"wp-block-image\">\n<figure class=\"aligncenter size-full\"><img decoding=\"async\" width=\"768\" height=\"1024\" data-attachment-id=\"644\" data-permalink=\"https:\/\/landgasthof-dittmannsdorf.de\/?attachment_id=644\" data-orig-file=\"https:\/\/i0.wp.com\/landgasthof-dittmannsdorf.de\/wp-content\/uploads\/thumbnail-11.jpg?fit=768%2C1024&amp;ssl=1\" data-orig-size=\"768,1024\" data-comments-opened=\"1\" data-image-meta=\"{&quot;aperture&quot;:&quot;0&quot;,&quot;credit&quot;:&quot;&quot;,&quot;camera&quot;:&quot;&quot;,&quot;caption&quot;:&quot;&quot;,&quot;created_timestamp&quot;:&quot;0&quot;,&quot;copyright&quot;:&quot;&quot;,&quot;focal_length&quot;:&quot;0&quot;,&quot;iso&quot;:&quot;0&quot;,&quot;shutter_speed&quot;:&quot;0&quot;,&quot;title&quot;:&quot;&quot;,&quot;orientation&quot;:&quot;0&quot;}\" data-image-title=\"thumbnail (11)\" data-image-description=\"\" data-image-caption=\"\" data-large-file=\"https:\/\/i0.wp.com\/landgasthof-dittmannsdorf.de\/wp-content\/uploads\/thumbnail-11.jpg?fit=768%2C1024&amp;ssl=1\" data-recalc-dims=\"1\" class=\"wp-image-644\" src=\"https:\/\/i0.wp.com\/landgasthof-dittmannsdorf.de\/wp-content\/uploads\/thumbnail-11.jpg?w=925&#038;ssl=1\" alt=\"\" srcset=\"https:\/\/i0.wp.com\/landgasthof-dittmannsdorf.de\/wp-content\/uploads\/thumbnail-11.jpg?w=768&amp;ssl=1 768w, https:\/\/i0.wp.com\/landgasthof-dittmannsdorf.de\/wp-content\/uploads\/thumbnail-11.jpg?resize=225%2C300&amp;ssl=1 225w, https:\/\/i0.wp.com\/landgasthof-dittmannsdorf.de\/wp-content\/uploads\/thumbnail-11.jpg?resize=45%2C60&amp;ssl=1 45w\" sizes=\"(max-width: 768px) 100vw, 768px\" \/><\/figure>\n<\/div>\n<p><\/p>\n<p><\/p>\n<p class=\"has-text-align-center\">F\u00fcr gro\u00dfe Events sind beide R\u00e4ume gleichzeitig nutzbar.<\/p>\n<p><\/p>\n<p><\/p>\n<p class=\"has-text-align-center\">Auch an unsere Kleinen G\u00e4ste haben wir gedacht, und ihnen einen kleinen R\u00fcckzugsort geschaffen.<\/p>\n<p><\/p>\t\t\t\t\t\t\t\t<\/div>\n\t\t\t\t<\/div>\n\t\t\t\t\t<\/div>\n\t\t<\/div>\n\t\t\t\t\t<\/div>\n\t\t<\/section>\n\t\t\t\t<\/div>\n\t\t","protected":false},"excerpt":{"rendered":"<p>Steht demn\u00e4chst eine gr\u00f6\u00dfere Feier bei Ihnen an? Ob Hochzeit, Geburtstagsjubil\u00e4um, Klassentreffen oder Firmenfeier &#8211; Platz haben wir genug daf\u00fcr! Sie k\u00f6nnen zwischen unserem gem\u00fctlichen Saalst\u00fcbchen, das 40 Personen Platz bietet und unserem gro\u00dfen Saal mit bis zu 120 Pl\u00e4tzen w\u00e4hlen. Der Saal verf\u00fcgt \u00fcber eine sch\u00f6ne B\u00fchne mit integrierter Videoleinwand. Auch ein Beamer steht &hellip; <\/p>\n","protected":false},"author":1,"featured_media":0,"parent":0,"menu_order":0,"comment_status":"closed","ping_status":"closed","template":"","meta":{"jetpack_post_was_ever_published":false,"footnotes":""},"class_list":["post-18","page","type-page","status-publish","hentry"],"jetpack_sharing_enabled":true,"jetpack_shortlink":"https:\/\/wp.me\/PaP3Ir-i","jetpack-related-posts":[],"_links":{"self":[{"href":"https:\/\/landgasthof-dittmannsdorf.de\/index.php?rest_route=\/wp\/v2\/pages\/18","targetHints":{"allow":["GET"]}}],"collection":[{"href":"https:\/\/landgasthof-dittmannsdorf.de\/index.php?rest_route=\/wp\/v2\/pages"}],"about":[{"href":"https:\/\/landgasthof-dittmannsdorf.de\/index.php?rest_route=\/wp\/v2\/types\/page"}],"author":[{"embeddable":true,"href":"https:\/\/landgasthof-dittmannsdorf.de\/index.php?rest_route=\/wp\/v2\/users\/1"}],"replies":[{"embeddable":true,"href":"https:\/\/landgasthof-dittmannsdorf.de\/index.php?rest_route=%2Fwp%2Fv2%2Fcomments&post=18"}],"version-history":[{"count":12,"href":"https:\/\/landgasthof-dittmannsdorf.de\/index.php?rest_route=\/wp\/v2\/pages\/18\/revisions"}],"predecessor-version":[{"id":804,"href":"https:\/\/landgasthof-dittmannsdorf.de\/index.php?rest_route=\/wp\/v2\/pages\/18\/revisions\/804"}],"wp:attachment":[{"href":"https:\/\/landgasthof-dittmannsdorf.de\/index.php?rest_route=%2Fwp%2Fv2%2Fmedia&parent=18"}],"curies":[{"name":"wp","href":"https:\/\/api.w.org\/{rel}","templated":true}]}}