{"id":2,"date":"2019-03-04T03:48:21","date_gmt":"2019-03-04T03:48:21","guid":{"rendered":"http:\/\/landgasthof-dittmannsdorf.de\/?page_id=2"},"modified":"2026-01-04T19:05:20","modified_gmt":"2026-01-04T19:05:20","slug":"sample-page","status":"publish","type":"page","link":"https:\/\/landgasthof-dittmannsdorf.de\/","title":{"rendered":"Startseite"},"content":{"rendered":"\t\t<div data-elementor-type=\"wp-page\" data-elementor-id=\"2\" class=\"elementor elementor-2\">\n\t\t\t\t\t\t<section class=\"elementor-section elementor-top-section elementor-element elementor-element-426e764 elementor-section-boxed elementor-section-height-default elementor-section-height-default\" data-id=\"426e764\" data-element_type=\"section\">\n\t\t\t\t\t\t<div class=\"elementor-container elementor-column-gap-default\">\n\t\t\t\t\t<div class=\"elementor-column elementor-col-100 elementor-top-column elementor-element elementor-element-521c321\" data-id=\"521c321\" data-element_type=\"column\">\n\t\t\t<div class=\"elementor-widget-wrap elementor-element-populated\">\n\t\t\t\t\t\t<div class=\"elementor-element elementor-element-3739f04 elementor-arrows-position-inside elementor-pagination-position-outside elementor-widget elementor-widget-image-carousel\" data-id=\"3739f04\" data-element_type=\"widget\" data-settings=\"{&quot;slides_to_show&quot;:&quot;1&quot;,&quot;navigation&quot;:&quot;both&quot;,&quot;autoplay&quot;:&quot;yes&quot;,&quot;pause_on_hover&quot;:&quot;yes&quot;,&quot;pause_on_interaction&quot;:&quot;yes&quot;,&quot;autoplay_speed&quot;:5000,&quot;infinite&quot;:&quot;yes&quot;,&quot;effect&quot;:&quot;slide&quot;,&quot;speed&quot;:500}\" data-widget_type=\"image-carousel.default\">\n\t\t\t\t<div class=\"elementor-widget-container\">\n\t\t\t\t\t\t\t<div class=\"elementor-image-carousel-wrapper swiper\" role=\"region\" aria-roledescription=\"carousel\" aria-label=\"Bild Karussell\" dir=\"ltr\">\n\t\t\t<div class=\"elementor-image-carousel swiper-wrapper swiper-image-stretch\" aria-live=\"off\">\n\t\t\t\t\t\t\t\t<div class=\"swiper-slide\" role=\"group\" aria-roledescription=\"slide\" aria-label=\"1 von 20\"><figure class=\"swiper-slide-inner\"><img decoding=\"async\" class=\"swiper-slide-image\" src=\"https:\/\/i0.wp.com\/landgasthof-dittmannsdorf.de\/wp-content\/uploads\/DSCN0718.jpg?resize=925%2C540&amp;ssl=1\" alt=\"Biergarten\" \/><\/figure><\/div><div class=\"swiper-slide\" role=\"group\" aria-roledescription=\"slide\" aria-label=\"2 von 20\"><figure class=\"swiper-slide-inner\"><img decoding=\"async\" class=\"swiper-slide-image\" src=\"https:\/\/i0.wp.com\/landgasthof-dittmannsdorf.de\/wp-content\/uploads\/thumbnail-1.jpg?resize=925%2C540&amp;ssl=1\" alt=\"Saal\" \/><\/figure><\/div><div class=\"swiper-slide\" role=\"group\" aria-roledescription=\"slide\" aria-label=\"3 von 20\"><figure class=\"swiper-slide-inner\"><img decoding=\"async\" class=\"swiper-slide-image\" src=\"https:\/\/i0.wp.com\/landgasthof-dittmannsdorf.de\/wp-content\/uploads\/thumbnail-2.jpg?resize=925%2C540&amp;ssl=1\" alt=\"thumbnail (2)\" \/><\/figure><\/div><div class=\"swiper-slide\" role=\"group\" aria-roledescription=\"slide\" aria-label=\"4 von 20\"><figure class=\"swiper-slide-inner\"><img decoding=\"async\" class=\"swiper-slide-image\" src=\"https:\/\/i0.wp.com\/landgasthof-dittmannsdorf.de\/wp-content\/uploads\/thumbnail-6.jpg?resize=925%2C540&amp;ssl=1\" alt=\"Buffet\" \/><\/figure><\/div><div class=\"swiper-slide\" role=\"group\" aria-roledescription=\"slide\" aria-label=\"5 von 20\"><figure class=\"swiper-slide-inner\"><img decoding=\"async\" class=\"swiper-slide-image\" src=\"https:\/\/i0.wp.com\/landgasthof-dittmannsdorf.de\/wp-content\/uploads\/thumbnail-3.jpg?resize=925%2C540&amp;ssl=1\" alt=\"thumbnail (3)\" \/><\/figure><\/div><div class=\"swiper-slide\" role=\"group\" aria-roledescription=\"slide\" aria-label=\"6 von 20\"><figure class=\"swiper-slide-inner\"><img decoding=\"async\" class=\"swiper-slide-image\" src=\"https:\/\/i0.wp.com\/landgasthof-dittmannsdorf.de\/wp-content\/uploads\/thumbnail-8.jpg?resize=925%2C540&amp;ssl=1\" alt=\"thumbnail (8)\" \/><\/figure><\/div><div class=\"swiper-slide\" role=\"group\" aria-roledescription=\"slide\" aria-label=\"7 von 20\"><figure class=\"swiper-slide-inner\"><img decoding=\"async\" class=\"swiper-slide-image\" src=\"https:\/\/i0.wp.com\/landgasthof-dittmannsdorf.de\/wp-content\/uploads\/thumbnail-5.jpg?resize=925%2C540&amp;ssl=1\" alt=\"thumbnail (5)\" \/><\/figure><\/div><div class=\"swiper-slide\" role=\"group\" aria-roledescription=\"slide\" aria-label=\"8 von 20\"><figure class=\"swiper-slide-inner\"><img decoding=\"async\" class=\"swiper-slide-image\" src=\"https:\/\/i0.wp.com\/landgasthof-dittmannsdorf.de\/wp-content\/uploads\/thumbnail-4.jpg?resize=925%2C540&amp;ssl=1\" alt=\"thumbnail (4)\" \/><\/figure><\/div><div class=\"swiper-slide\" role=\"group\" aria-roledescription=\"slide\" aria-label=\"9 von 20\"><figure class=\"swiper-slide-inner\"><img decoding=\"async\" class=\"swiper-slide-image\" src=\"https:\/\/i0.wp.com\/landgasthof-dittmannsdorf.de\/wp-content\/uploads\/thumbnail-7.jpg?resize=925%2C540&amp;ssl=1\" alt=\"thumbnail (7)\" \/><\/figure><\/div><div class=\"swiper-slide\" role=\"group\" aria-roledescription=\"slide\" aria-label=\"10 von 20\"><figure class=\"swiper-slide-inner\"><img decoding=\"async\" class=\"swiper-slide-image\" src=\"https:\/\/i0.wp.com\/landgasthof-dittmannsdorf.de\/wp-content\/uploads\/thumbnail-14-2.jpg?resize=925%2C540&amp;ssl=1\" alt=\"thumbnail (14)\" \/><\/figure><\/div><div class=\"swiper-slide\" role=\"group\" aria-roledescription=\"slide\" aria-label=\"11 von 20\"><figure class=\"swiper-slide-inner\"><img decoding=\"async\" class=\"swiper-slide-image\" src=\"https:\/\/i0.wp.com\/landgasthof-dittmannsdorf.de\/wp-content\/uploads\/thumbnail-12.jpg?resize=925%2C540&amp;ssl=1\" alt=\"Saal mit B\u00fchne\" \/><\/figure><\/div><div class=\"swiper-slide\" role=\"group\" aria-roledescription=\"slide\" aria-label=\"12 von 20\"><figure class=\"swiper-slide-inner\"><img decoding=\"async\" class=\"swiper-slide-image\" src=\"https:\/\/i0.wp.com\/landgasthof-dittmannsdorf.de\/wp-content\/uploads\/e497f1bb-e542-4402-83b4-3484c793ebb0.jpg?resize=925%2C540&amp;ssl=1\" alt=\"Saalstube\" \/><\/figure><\/div><div class=\"swiper-slide\" role=\"group\" aria-roledescription=\"slide\" aria-label=\"13 von 20\"><figure class=\"swiper-slide-inner\"><img decoding=\"async\" class=\"swiper-slide-image\" src=\"https:\/\/i0.wp.com\/landgasthof-dittmannsdorf.de\/wp-content\/uploads\/89912119-6eba-4b99-903a-750a7ceef24a-1.jpg?resize=925%2C540&amp;ssl=1\" alt=\"89912119-6eba-4b99-903a-750a7ceef24a (1)\" \/><\/figure><\/div><div class=\"swiper-slide\" role=\"group\" aria-roledescription=\"slide\" aria-label=\"14 von 20\"><figure class=\"swiper-slide-inner\"><img decoding=\"async\" class=\"swiper-slide-image\" src=\"https:\/\/i0.wp.com\/landgasthof-dittmannsdorf.de\/wp-content\/uploads\/thumbnailjj.jpg?resize=768%2C540&amp;ssl=1\" alt=\"thumbnailjj\" \/><\/figure><\/div><div class=\"swiper-slide\" role=\"group\" aria-roledescription=\"slide\" aria-label=\"15 von 20\"><figure class=\"swiper-slide-inner\"><img decoding=\"async\" class=\"swiper-slide-image\" src=\"https:\/\/i0.wp.com\/landgasthof-dittmannsdorf.de\/wp-content\/uploads\/DSCN1046.jpg?resize=925%2C540&amp;ssl=1\" alt=\"Kleiner Gastraum\" \/><\/figure><\/div><div class=\"swiper-slide\" role=\"group\" aria-roledescription=\"slide\" aria-label=\"16 von 20\"><figure class=\"swiper-slide-inner\"><img decoding=\"async\" class=\"swiper-slide-image\" src=\"https:\/\/i0.wp.com\/landgasthof-dittmannsdorf.de\/wp-content\/uploads\/DSCN1029.jpg?resize=925%2C540&amp;ssl=1\" alt=\"Gro\u00dfer Gastraum\" \/><\/figure><\/div><div class=\"swiper-slide\" role=\"group\" aria-roledescription=\"slide\" aria-label=\"17 von 20\"><figure class=\"swiper-slide-inner\"><img decoding=\"async\" class=\"swiper-slide-image\" src=\"https:\/\/i0.wp.com\/landgasthof-dittmannsdorf.de\/wp-content\/uploads\/DSCN1051.jpg?resize=925%2C540&amp;ssl=1\" alt=\"Gericht 1\" \/><\/figure><\/div><div class=\"swiper-slide\" role=\"group\" aria-roledescription=\"slide\" aria-label=\"18 von 20\"><figure class=\"swiper-slide-inner\"><img decoding=\"async\" class=\"swiper-slide-image\" src=\"https:\/\/i0.wp.com\/landgasthof-dittmannsdorf.de\/wp-content\/uploads\/DSCN1048.jpg?resize=925%2C540&amp;ssl=1\" alt=\"Gericht 3\" \/><\/figure><\/div><div class=\"swiper-slide\" role=\"group\" aria-roledescription=\"slide\" aria-label=\"19 von 20\"><figure class=\"swiper-slide-inner\"><img decoding=\"async\" class=\"swiper-slide-image\" src=\"https:\/\/i0.wp.com\/landgasthof-dittmannsdorf.de\/wp-content\/uploads\/thumbnail-1-1.jpg?resize=925%2C540&amp;ssl=1\" alt=\"thumbnail (1)\" \/><\/figure><\/div><div class=\"swiper-slide\" role=\"group\" aria-roledescription=\"slide\" aria-label=\"20 von 20\"><figure class=\"swiper-slide-inner\"><img decoding=\"async\" class=\"swiper-slide-image\" src=\"https:\/\/i0.wp.com\/landgasthof-dittmannsdorf.de\/wp-content\/uploads\/0d263baf-cee5-4992-850e-30a3fb58f78a.jpg?resize=925%2C540&amp;ssl=1\" alt=\"0d263baf-cee5-4992-850e-30a3fb58f78a\" \/><\/figure><\/div>\t\t\t<\/div>\n\t\t\t\t\t\t\t\t\t\t\t\t<div class=\"elementor-swiper-button elementor-swiper-button-prev\" role=\"button\" tabindex=\"0\">\n\t\t\t\t\t\t<i aria-hidden=\"true\" class=\"eicon-chevron-left\"><\/i>\t\t\t\t\t<\/div>\n\t\t\t\t\t<div class=\"elementor-swiper-button elementor-swiper-button-next\" role=\"button\" tabindex=\"0\">\n\t\t\t\t\t\t<i aria-hidden=\"true\" class=\"eicon-chevron-right\"><\/i>\t\t\t\t\t<\/div>\n\t\t\t\t\n\t\t\t\t\t\t\t\t\t<div class=\"swiper-pagination\"><\/div>\n\t\t\t\t\t\t\t\t\t<\/div>\n\t\t\t\t\t\t<\/div>\n\t\t\t\t<\/div>\n\t\t\t\t\t<\/div>\n\t\t<\/div>\n\t\t\t\t\t<\/div>\n\t\t<\/section>\n\t\t\t\t<section class=\"elementor-section elementor-top-section elementor-element elementor-element-5e3db4b9 elementor-section-boxed elementor-section-height-default elementor-section-height-default\" data-id=\"5e3db4b9\" data-element_type=\"section\">\n\t\t\t\t\t\t<div class=\"elementor-container elementor-column-gap-default\">\n\t\t\t\t\t<div class=\"elementor-column elementor-col-100 elementor-top-column elementor-element elementor-element-6f055c99\" data-id=\"6f055c99\" data-element_type=\"column\" data-settings=\"{&quot;background_background&quot;:&quot;classic&quot;}\">\n\t\t\t<div class=\"elementor-widget-wrap elementor-element-populated\">\n\t\t\t\t\t\t<div class=\"elementor-element elementor-element-6e9cbd74 elementor-widget elementor-widget-text-editor\" data-id=\"6e9cbd74\" data-element_type=\"widget\" data-widget_type=\"text-editor.default\">\n\t\t\t\t<div class=\"elementor-widget-container\">\n\t\t\t\t\t\t\t\t\t<div class=\"wp-block-group\">\n<h1 style=\"text-align: center;\">Liebe G\u00e4ste,<\/h1>\n<h6 style=\"text-align: center;\"><span style=\"font-weight: normal;\">ich m\u00f6chte Sie ganz herzlich in meinen Landgasthof<\/span><\/h6>\n<p><img fetchpriority=\"high\" decoding=\"async\" data-attachment-id=\"91\" data-permalink=\"https:\/\/landgasthof-dittmannsdorf.de\/?attachment_id=91\" data-orig-file=\"https:\/\/i0.wp.com\/landgasthof-dittmannsdorf.de\/wp-content\/uploads\/gasthof.jpg?fit=256%2C215&amp;ssl=1\" data-orig-size=\"256,215\" data-comments-opened=\"1\" data-image-meta=\"{&quot;aperture&quot;:&quot;0&quot;,&quot;credit&quot;:&quot;&quot;,&quot;camera&quot;:&quot;&quot;,&quot;caption&quot;:&quot;&quot;,&quot;created_timestamp&quot;:&quot;0&quot;,&quot;copyright&quot;:&quot;&quot;,&quot;focal_length&quot;:&quot;0&quot;,&quot;iso&quot;:&quot;0&quot;,&quot;shutter_speed&quot;:&quot;0&quot;,&quot;title&quot;:&quot;&quot;,&quot;orientation&quot;:&quot;0&quot;}\" data-image-title=\"gasthof\" data-image-description=\"\" data-image-caption=\"\" data-large-file=\"https:\/\/i0.wp.com\/landgasthof-dittmannsdorf.de\/wp-content\/uploads\/gasthof.jpg?fit=256%2C215&amp;ssl=1\" data-recalc-dims=\"1\" class=\"alignnone size-full wp-image-91 aligncenter\" src=\"https:\/\/i0.wp.com\/landgasthof-dittmannsdorf.de\/wp-content\/uploads\/gasthof.jpg?resize=256%2C215\" alt=\"\" width=\"256\" height=\"215\" \/><\/p>\n<h6 style=\"text-align: center;\"><span style=\"font-weight: normal;\">nach <a href=\"https:\/\/de.wikipedia.org\/wiki\/Dittmannsdorf_(Reinsberg)\">Dittmannsdorf<\/a> in der sch\u00f6nen <a href=\"http:\/\/www.gemeinde-reinsberg.de\/start\/start.php\">Gemeinde Reinsberg<\/a> einladen. Mehr erf\u00e4hrt man in <a href=\"https:\/\/de.wikipedia.org\/wiki\/Reinsberg_(Sachsen)\">Wikipedia.<\/a><\/span><\/h6>\n<p><img decoding=\"async\" data-attachment-id=\"240\" data-permalink=\"https:\/\/landgasthof-dittmannsdorf.de\/?attachment_id=240\" data-orig-file=\"https:\/\/i0.wp.com\/landgasthof-dittmannsdorf.de\/wp-content\/uploads\/Visitenkarteneu.jpg?fit=1316%2C842&amp;ssl=1\" data-orig-size=\"1316,842\" data-comments-opened=\"1\" data-image-meta=\"{&quot;aperture&quot;:&quot;0&quot;,&quot;credit&quot;:&quot;&quot;,&quot;camera&quot;:&quot;&quot;,&quot;caption&quot;:&quot;&quot;,&quot;created_timestamp&quot;:&quot;0&quot;,&quot;copyright&quot;:&quot;&quot;,&quot;focal_length&quot;:&quot;0&quot;,&quot;iso&quot;:&quot;0&quot;,&quot;shutter_speed&quot;:&quot;0&quot;,&quot;title&quot;:&quot;&quot;,&quot;orientation&quot;:&quot;0&quot;}\" data-image-title=\"Visitenkarteneu\" data-image-description=\"\" data-image-caption=\"\" data-large-file=\"https:\/\/i0.wp.com\/landgasthof-dittmannsdorf.de\/wp-content\/uploads\/Visitenkarteneu.jpg?fit=925%2C592&amp;ssl=1\" data-recalc-dims=\"1\" class=\"wp-image-240 size-medium aligncenter\" src=\"https:\/\/i0.wp.com\/landgasthof-dittmannsdorf.de\/wp-content\/uploads\/Visitenkarteneu-300x192.jpg?resize=300%2C192\" alt=\"\" width=\"300\" height=\"192\" srcset=\"https:\/\/i0.wp.com\/landgasthof-dittmannsdorf.de\/wp-content\/uploads\/Visitenkarteneu.jpg?resize=300%2C192&amp;ssl=1 300w, https:\/\/i0.wp.com\/landgasthof-dittmannsdorf.de\/wp-content\/uploads\/Visitenkarteneu.jpg?resize=1024%2C655&amp;ssl=1 1024w, https:\/\/i0.wp.com\/landgasthof-dittmannsdorf.de\/wp-content\/uploads\/Visitenkarteneu.jpg?resize=768%2C491&amp;ssl=1 768w, https:\/\/i0.wp.com\/landgasthof-dittmannsdorf.de\/wp-content\/uploads\/Visitenkarteneu.jpg?resize=1200%2C768&amp;ssl=1 1200w, https:\/\/i0.wp.com\/landgasthof-dittmannsdorf.de\/wp-content\/uploads\/Visitenkarteneu.jpg?w=1316&amp;ssl=1 1316w\" sizes=\"(max-width: 300px) 100vw, 300px\" \/><\/p>\n<h6 style=\"text-align: center;\"><span style=\"font-weight: normal;\">Vergessen Sie f\u00fcr eine Weile Alltag und Stress und genie\u00dfen Sie die Zeit in unserem gem\u00fctlichen Ambiente.<\/span><\/h6>\n<h6 style=\"text-align: center;\"><span style=\"font-weight: normal;\">Bei uns finden Sie eine aus l\u00e4ndlichen Kocht\u00f6pfen inspirierte gutb\u00fcrgerliche K\u00fcche, wie &#8222;J\u00e4gerteller&#8220; oder &#8222;Steak Bauernl\u00fcmmel&#8220;- aber auch &#8222;G\u00e4nseliesl&#8220; und &#8222;Landmanns Leibspeis&#8220;. Weil aber unsere Speisekarte noch viel mehr kulinarisches anzubieten hat, lohnt sich ein Besuch vor Ort umso mehr!<\/span><\/h6>\n<\/div>\n<h6>\u00a0<\/h6>\n<h4 style=\"text-align: center;\">Liebe G\u00e4ste,<\/h4>\n<h6 style=\"text-align: center;\"><span style=\"color: #000000;\">leider k\u00f6nnen wir unsere \u00d6ffnungszeiten -aufgrund von mangelndem Personal- nicht mehr abdecken. Wir bem\u00fchen uns, werden aber vorrangig Feierlichkeiten ausrichten. Offene Tage entnehmen Sie bitte der Bandansage des Telefons (037324\/87145).<\/span><\/h6>\n<h6 style=\"text-align: center;\"><span style=\"color: #000000;\">Planen Sie eine Feier? Wir bitten Sie &#8222;fr\u00fchstm\u00f6glich&#8220; zu buchen,<br \/><\/span><\/h6>\n<h6 style=\"text-align: center;\"><span style=\"color: #000000;\">Ein herzliches Dankesch\u00f6n,<\/span><\/h6>\n<h6 style=\"text-align: center;\">Ihr Team des Landgasthofs<\/h6>\n<h6 style=\"text-align: center;\">\u00a0<\/h6>\n<p>\u00a0<\/p>\n<h4 style=\"text-align: center;\"><span style=\"color: #993300;\">\u00a0&#8211; \u00d6ffnungszeiten der Gaststube &#8211;<\/span><\/h4>\n<p style=\"text-align: center;\"><del><span style=\"font-weight: normal; color: #000000;\">Donnerstag: 17:00-22:00 Uhr<\/span><\/del><\/p>\n<p style=\"text-align: center;\"><del><span style=\"font-weight: normal; color: #000000;\">Freitag: 17:00 -22:00 Uhr<\/span><\/del><\/p>\n<p style=\"text-align: center;\"><del><span style=\"font-weight: normal; color: #000000;\">Samstag: 17:00-24:00 Uhr<\/span><\/del><\/p>\n<p style=\"text-align: center;\"><del><span style=\"font-weight: normal; color: #000000;\">Sonntag: 11:00-15:00 Uhr<\/span><\/del><\/p>\n<p style=\"text-align: center;\"><span style=\"color: #000000;\">&amp; nach Vereinbarung!<\/span><\/p>\n<h6 style=\"text-align: center;\">\u00a0<\/h6>\n<div class=\"wp-block-group\"><hr class=\"wp-block-separator\" \/><\/div>\n<p><!-- \/wp:group --><\/p>\n<p><!-- wp:heading {\"textAlign\":\"center\"} --><\/p>\n<h2 class=\"has-text-align-center\" style=\"text-align: center;\">Aktuelles<\/h2>\n<h5>Wir w\u00fcnschen Ihnen ein wundersch\u00f6nes neues Jahr 2026!<\/h5>\n<h5 style=\"text-align: center;\"><span style=\"font-weight: 300;\">Ausgebuchte Termine:<br \/>&#8211; Schulanfang 2026<\/span><\/h5>\n<h5><span style=\"font-weight: 300; font-size: 16px;\">Schlie\u00dfzeiten zur Erholung unserer Mitarbeiter:<br \/><\/span><\/h5>\n<p>\u00a0<\/p>\n<h6 style=\"text-align: center;\">\u00a0<\/h6>\n<p>\u00a0<\/p>\n<p><!-- \/wp:paragraph --><\/p>\n<p><!-- wp:paragraph {\"align\":\"center\"} --><\/p>\n<p class=\"has-text-align-center\">\u00a0<\/p>\n<p><!-- \/wp:paragraph --><\/p>\n<p><!-- wp:paragraph {\"align\":\"center\"} --><\/p>\n<p class=\"has-text-align-center\">\u00a0<\/p>\n<p><!-- \/wp:paragraph --><\/p>\n<p><!-- wp:paragraph --><\/p>\n<p><!-- \/wp:paragraph --><\/p>\n<p><!-- wp:paragraph {\"align\":\"center\"} --><\/p>\n<p class=\"has-text-align-center\">\u00a0<\/p>\n<p><!-- \/wp:paragraph --><\/p>\t\t\t\t\t\t\t\t<\/div>\n\t\t\t\t<\/div>\n\t\t\t\t\t<\/div>\n\t\t<\/div>\n\t\t\t\t\t<\/div>\n\t\t<\/section>\n\t\t\t\t<\/div>\n\t\t","protected":false},"excerpt":{"rendered":"<p>Liebe G\u00e4ste, ich m\u00f6chte Sie ganz herzlich in meinen Landgasthof nach Dittmannsdorf in der sch\u00f6nen Gemeinde Reinsberg einladen. Mehr erf\u00e4hrt man in Wikipedia. Vergessen Sie f\u00fcr eine Weile Alltag und Stress und genie\u00dfen Sie die Zeit in unserem gem\u00fctlichen Ambiente. Bei uns finden Sie eine aus l\u00e4ndlichen Kocht\u00f6pfen inspirierte gutb\u00fcrgerliche K\u00fcche, wie &#8222;J\u00e4gerteller&#8220; oder &#8222;Steak &hellip; <\/p>\n","protected":false},"author":1,"featured_media":0,"parent":0,"menu_order":0,"comment_status":"closed","ping_status":"open","template":"","meta":{"jetpack_post_was_ever_published":false,"footnotes":""},"class_list":["post-2","page","type-page","status-publish","hentry"],"jetpack_sharing_enabled":true,"jetpack_shortlink":"https:\/\/wp.me\/PaP3Ir-2","jetpack-related-posts":[],"_links":{"self":[{"href":"https:\/\/landgasthof-dittmannsdorf.de\/index.php?rest_route=\/wp\/v2\/pages\/2","targetHints":{"allow":["GET"]}}],"collection":[{"href":"https:\/\/landgasthof-dittmannsdorf.de\/index.php?rest_route=\/wp\/v2\/pages"}],"about":[{"href":"https:\/\/landgasthof-dittmannsdorf.de\/index.php?rest_route=\/wp\/v2\/types\/page"}],"author":[{"embeddable":true,"href":"https:\/\/landgasthof-dittmannsdorf.de\/index.php?rest_route=\/wp\/v2\/users\/1"}],"replies":[{"embeddable":true,"href":"https:\/\/landgasthof-dittmannsdorf.de\/index.php?rest_route=%2Fwp%2Fv2%2Fcomments&post=2"}],"version-history":[{"count":251,"href":"https:\/\/landgasthof-dittmannsdorf.de\/index.php?rest_route=\/wp\/v2\/pages\/2\/revisions"}],"predecessor-version":[{"id":824,"href":"https:\/\/landgasthof-dittmannsdorf.de\/index.php?rest_route=\/wp\/v2\/pages\/2\/revisions\/824"}],"wp:attachment":[{"href":"https:\/\/landgasthof-dittmannsdorf.de\/index.php?rest_route=%2Fwp%2Fv2%2Fmedia&parent=2"}],"curies":[{"name":"wp","href":"https:\/\/api.w.org\/{rel}","templated":true}]}}