{"id":20,"date":"2019-03-11T18:19:14","date_gmt":"2019-03-11T18:19:14","guid":{"rendered":"http:\/\/landgasthof-dittmannsdorf.de\/?page_id=20"},"modified":"2022-11-03T18:17:58","modified_gmt":"2022-11-03T18:17:58","slug":"pension","status":"publish","type":"page","link":"https:\/\/landgasthof-dittmannsdorf.de\/?page_id=20","title":{"rendered":"\u00dcbernachtung"},"content":{"rendered":"\t\t<div data-elementor-type=\"wp-page\" data-elementor-id=\"20\" class=\"elementor elementor-20\">\n\t\t\t\t\t\t<section class=\"elementor-section elementor-top-section elementor-element elementor-element-1d775830 elementor-section-boxed elementor-section-height-default elementor-section-height-default\" data-id=\"1d775830\" data-element_type=\"section\">\n\t\t\t\t\t\t<div class=\"elementor-container elementor-column-gap-default\">\n\t\t\t\t\t<div class=\"elementor-column elementor-col-100 elementor-top-column elementor-element elementor-element-48c6bd06\" data-id=\"48c6bd06\" data-element_type=\"column\">\n\t\t\t<div class=\"elementor-widget-wrap elementor-element-populated\">\n\t\t\t\t\t\t<div class=\"elementor-element elementor-element-1c80caf elementor-widget elementor-widget-image\" data-id=\"1c80caf\" data-element_type=\"widget\" data-widget_type=\"image.default\">\n\t\t\t\t<div class=\"elementor-widget-container\">\n\t\t\t\t\t\t\t\t\t\t\t\t\t\t\t<img fetchpriority=\"high\" decoding=\"async\" data-attachment-id=\"708\" data-permalink=\"https:\/\/landgasthof-dittmannsdorf.de\/?attachment_id=708\" data-orig-file=\"https:\/\/i0.wp.com\/landgasthof-dittmannsdorf.de\/wp-content\/uploads\/thumbnail-1-1.jpg?fit=1080%2C810&amp;ssl=1\" data-orig-size=\"1080,810\" data-comments-opened=\"1\" data-image-meta=\"{&quot;aperture&quot;:&quot;0&quot;,&quot;credit&quot;:&quot;&quot;,&quot;camera&quot;:&quot;&quot;,&quot;caption&quot;:&quot;&quot;,&quot;created_timestamp&quot;:&quot;0&quot;,&quot;copyright&quot;:&quot;&quot;,&quot;focal_length&quot;:&quot;0&quot;,&quot;iso&quot;:&quot;0&quot;,&quot;shutter_speed&quot;:&quot;0&quot;,&quot;title&quot;:&quot;&quot;,&quot;orientation&quot;:&quot;0&quot;}\" data-image-title=\"thumbnail (1)\" data-image-description=\"\" data-image-caption=\"\" data-large-file=\"https:\/\/i0.wp.com\/landgasthof-dittmannsdorf.de\/wp-content\/uploads\/thumbnail-1-1.jpg?fit=925%2C694&amp;ssl=1\" width=\"1080\" height=\"810\" src=\"https:\/\/i0.wp.com\/landgasthof-dittmannsdorf.de\/wp-content\/uploads\/thumbnail-1-1.jpg?fit=1080%2C810&amp;ssl=1\" class=\"attachment-full size-full wp-image-708\" alt=\"\" srcset=\"https:\/\/i0.wp.com\/landgasthof-dittmannsdorf.de\/wp-content\/uploads\/thumbnail-1-1.jpg?w=1080&amp;ssl=1 1080w, https:\/\/i0.wp.com\/landgasthof-dittmannsdorf.de\/wp-content\/uploads\/thumbnail-1-1.jpg?resize=300%2C225&amp;ssl=1 300w, https:\/\/i0.wp.com\/landgasthof-dittmannsdorf.de\/wp-content\/uploads\/thumbnail-1-1.jpg?resize=1024%2C768&amp;ssl=1 1024w, https:\/\/i0.wp.com\/landgasthof-dittmannsdorf.de\/wp-content\/uploads\/thumbnail-1-1.jpg?resize=768%2C576&amp;ssl=1 768w, https:\/\/i0.wp.com\/landgasthof-dittmannsdorf.de\/wp-content\/uploads\/thumbnail-1-1.jpg?resize=80%2C60&amp;ssl=1 80w\" sizes=\"(max-width: 1080px) 100vw, 1080px\" data-attachment-id=\"708\" data-permalink=\"https:\/\/landgasthof-dittmannsdorf.de\/?attachment_id=708\" data-orig-file=\"https:\/\/i0.wp.com\/landgasthof-dittmannsdorf.de\/wp-content\/uploads\/thumbnail-1-1.jpg?fit=1080%2C810&amp;ssl=1\" data-orig-size=\"1080,810\" data-comments-opened=\"1\" data-image-meta=\"{&quot;aperture&quot;:&quot;0&quot;,&quot;credit&quot;:&quot;&quot;,&quot;camera&quot;:&quot;&quot;,&quot;caption&quot;:&quot;&quot;,&quot;created_timestamp&quot;:&quot;0&quot;,&quot;copyright&quot;:&quot;&quot;,&quot;focal_length&quot;:&quot;0&quot;,&quot;iso&quot;:&quot;0&quot;,&quot;shutter_speed&quot;:&quot;0&quot;,&quot;title&quot;:&quot;&quot;,&quot;orientation&quot;:&quot;0&quot;}\" data-image-title=\"thumbnail (1)\" data-image-description=\"\" data-image-caption=\"\" data-large-file=\"https:\/\/i0.wp.com\/landgasthof-dittmannsdorf.de\/wp-content\/uploads\/thumbnail-1-1.jpg?fit=1024%2C768&amp;ssl=1\" \/>\t\t\t\t\t\t\t\t\t\t\t\t\t\t\t<\/div>\n\t\t\t\t<\/div>\n\t\t\t\t<div class=\"elementor-element elementor-element-32441794 elementor-widget elementor-widget-text-editor\" data-id=\"32441794\" data-element_type=\"widget\" data-widget_type=\"text-editor.default\">\n\t\t\t\t<div class=\"elementor-widget-container\">\n\t\t\t\t\t\t\t\t\t<p><\/p>\n<p style=\"text-align: center;\">\u00a0<\/p>\n<p style=\"text-align: center;\">In unserem Dachgeschoss befinden sich 3 einfach ausgestattete Doppelzimmer f\u00fcr \u00dcbernachtungen.<\/p>\n<p><\/p>\n<p style=\"text-align: center;\">Drei einfach ausgestattete Doppelzimmer mit individuellen Aufbettungsm\u00f6glichkeiten f\u00fcr unsere Kleinsten G\u00e4ste stehen f\u00fcr Sie bereit. Ein Babybett ist vorhanden. Kinder bis 10 Jahre schlafen kostenfrei. Haustiere sind auf Anfrage ebenfalls herzlich willkommen.<\/p>\n<p style=\"text-align: center;\"><strong>Eine Vermietung kann jedoch nur in Verbindung mit einer gebuchten Feierlichkeit in unserem Hause stattfinden.<\/strong><\/p>\n<p><\/p>\n<p style=\"text-align: center;\">\u00a0<\/p>\n<p><\/p>\t\t\t\t\t\t\t\t<\/div>\n\t\t\t\t<\/div>\n\t\t\t\t<div class=\"elementor-element elementor-element-7a65009 elementor-widget elementor-widget-image\" data-id=\"7a65009\" data-element_type=\"widget\" data-widget_type=\"image.default\">\n\t\t\t\t<div class=\"elementor-widget-container\">\n\t\t\t\t\t\t\t\t\t\t\t\t\t\t\t<img decoding=\"async\" src=\"https:\/\/i0.wp.com\/landgasthof-dittmannsdorf.de\/wp-content\/uploads\/thumbnail-3-1.jpg?fit=1080%2C810&#038;ssl=1\" title=\"thumbnail (3)\" alt=\"thumbnail (3)\" loading=\"lazy\" \/>\t\t\t\t\t\t\t\t\t\t\t\t\t\t\t<\/div>\n\t\t\t\t<\/div>\n\t\t\t\t\t<\/div>\n\t\t<\/div>\n\t\t\t\t\t<\/div>\n\t\t<\/section>\n\t\t\t\t<\/div>\n\t\t","protected":false},"excerpt":{"rendered":"<p>\u00a0 In unserem Dachgeschoss befinden sich 3 einfach ausgestattete Doppelzimmer f\u00fcr \u00dcbernachtungen. Drei einfach ausgestattete Doppelzimmer mit individuellen Aufbettungsm\u00f6glichkeiten f\u00fcr unsere Kleinsten G\u00e4ste stehen f\u00fcr Sie bereit. Ein Babybett ist vorhanden. Kinder bis 10 Jahre schlafen kostenfrei. Haustiere sind auf Anfrage ebenfalls herzlich willkommen. Eine Vermietung kann jedoch nur in Verbindung mit einer gebuchten Feierlichkeit &hellip; <\/p>\n","protected":false},"author":1,"featured_media":0,"parent":0,"menu_order":0,"comment_status":"closed","ping_status":"closed","template":"","meta":{"jetpack_post_was_ever_published":false,"footnotes":""},"class_list":["post-20","page","type-page","status-publish","hentry"],"jetpack_sharing_enabled":true,"jetpack_shortlink":"https:\/\/wp.me\/PaP3Ir-k","jetpack-related-posts":[],"_links":{"self":[{"href":"https:\/\/landgasthof-dittmannsdorf.de\/index.php?rest_route=\/wp\/v2\/pages\/20","targetHints":{"allow":["GET"]}}],"collection":[{"href":"https:\/\/landgasthof-dittmannsdorf.de\/index.php?rest_route=\/wp\/v2\/pages"}],"about":[{"href":"https:\/\/landgasthof-dittmannsdorf.de\/index.php?rest_route=\/wp\/v2\/types\/page"}],"author":[{"embeddable":true,"href":"https:\/\/landgasthof-dittmannsdorf.de\/index.php?rest_route=\/wp\/v2\/users\/1"}],"replies":[{"embeddable":true,"href":"https:\/\/landgasthof-dittmannsdorf.de\/index.php?rest_route=%2Fwp%2Fv2%2Fcomments&post=20"}],"version-history":[{"count":27,"href":"https:\/\/landgasthof-dittmannsdorf.de\/index.php?rest_route=\/wp\/v2\/pages\/20\/revisions"}],"predecessor-version":[{"id":712,"href":"https:\/\/landgasthof-dittmannsdorf.de\/index.php?rest_route=\/wp\/v2\/pages\/20\/revisions\/712"}],"wp:attachment":[{"href":"https:\/\/landgasthof-dittmannsdorf.de\/index.php?rest_route=%2Fwp%2Fv2%2Fmedia&parent=20"}],"curies":[{"name":"wp","href":"https:\/\/api.w.org\/{rel}","templated":true}]}}